{"id":224,"date":"2023-04-04T16:49:53","date_gmt":"2023-04-04T16:49:53","guid":{"rendered":"https:\/\/covayoga.com\/wordpress\/?page_id=224"},"modified":"2023-05-30T15:33:56","modified_gmt":"2023-05-30T15:33:56","slug":"entreprises","status":"publish","type":"page","link":"https:\/\/covayoga.com\/wordpress\/?page_id=224","title":{"rendered":"Entreprises"},"content":{"rendered":"\n<div class=\"wp-block-columns is-layout-flex wp-container-core-columns-is-layout-9d6595d7 wp-block-columns-is-layout-flex\">\n<div class=\"wp-block-column is-layout-flow wp-block-column-is-layout-flow\">\n<p><strong>Aidez vos collaborateurs \u00e0 mieux g\u00e9rer leur stress de la vie professionnelle, gr\u00e2ce \u00e0 des techniques de relaxation adapt\u00e9es \u00e0 votre lieu de travail.<\/strong><\/p>\n\n\n\n<p>Que vous soyez une entreprise, une maison de retraite, un h\u00f4pital, une clinique, une association, ou une \u00e9cole&#8230;<strong> Le Yoga, la R\u00e9flexologie et la Relaxation sont des techniques relaxantes et efficace<\/strong>s, faciles \u00e0 mettre en place, en terme de pr\u00e9vention et de gestion du stress.<\/p>\n<\/div>\n\n\n\n<div class=\"wp-block-column is-layout-flow wp-block-column-is-layout-flow\">\n<figure class=\"wp-block-image size-large is-resized\"><img loading=\"lazy\" decoding=\"async\" src=\"https:\/\/covayoga.com\/wordpress\/wp-content\/uploads\/2023\/04\/anupam-mahapatra-Vz0RbclzG_w-unsplash-1-1024x683.jpg\" alt=\"\" class=\"wp-image-363\" width=\"454\" height=\"303\" srcset=\"https:\/\/covayoga.com\/wordpress\/wp-content\/uploads\/2023\/04\/anupam-mahapatra-Vz0RbclzG_w-unsplash-1-1024x683.jpg 1024w, https:\/\/covayoga.com\/wordpress\/wp-content\/uploads\/2023\/04\/anupam-mahapatra-Vz0RbclzG_w-unsplash-1-300x200.jpg 300w, https:\/\/covayoga.com\/wordpress\/wp-content\/uploads\/2023\/04\/anupam-mahapatra-Vz0RbclzG_w-unsplash-1-768x512.jpg 768w, https:\/\/covayoga.com\/wordpress\/wp-content\/uploads\/2023\/04\/anupam-mahapatra-Vz0RbclzG_w-unsplash-1-1536x1024.jpg 1536w, https:\/\/covayoga.com\/wordpress\/wp-content\/uploads\/2023\/04\/anupam-mahapatra-Vz0RbclzG_w-unsplash-1-2048x1365.jpg 2048w, https:\/\/covayoga.com\/wordpress\/wp-content\/uploads\/2023\/04\/anupam-mahapatra-Vz0RbclzG_w-unsplash-1-90x60.jpg 90w, https:\/\/covayoga.com\/wordpress\/wp-content\/uploads\/2023\/04\/anupam-mahapatra-Vz0RbclzG_w-unsplash-1-370x247.jpg 370w, https:\/\/covayoga.com\/wordpress\/wp-content\/uploads\/2023\/04\/anupam-mahapatra-Vz0RbclzG_w-unsplash-1-776x517.jpg 776w\" sizes=\"auto, (max-width: 454px) 100vw, 454px\" \/><\/figure>\n<\/div>\n<\/div>\n\n\n\n<div class=\"wp-block-columns is-layout-flex wp-container-core-columns-is-layout-9d6595d7 wp-block-columns-is-layout-flex\">\n<div class=\"wp-block-column is-layout-flow wp-block-column-is-layout-flow\">\n<p><strong>D\u00e9veloppez un climat serein au sein de votre entreprise en proposant des pauses d\u00e9tentes \u00e0 vos collaborateurs et en adoptant des solutions simples et faciles \u00e0 mettre en \u0153uvre.<\/strong><br><strong><br><\/strong>Que ce soit pour r\u00e9duire le stress collectif et l\u2019absent\u00e9isme, accro\u00eetre la cr\u00e9ativit\u00e9, augmenter la concentration et l\u2019efficacit\u00e9 de vos employ\u00e9s, proposer ce service au sein de votre entreprise vous permettra de d\u00e9velopper un climat plus serein et plus performant.<\/p>\n\n\n\n<p>En collectif ou en individuel, la s\u00e9ance s&rsquo;adapte \u00e0 vos besoins. <\/p>\n\n\n\n<p>Les diff\u00e9rentes techniques que je vous propose permettent de se ressourcer en peu de temps et d\u2019obtenir rapidement une d\u00e9tente profonde. La pratique n\u00e9cessite une pi\u00e8ce calme (salle de r\u00e9union, bureau\u2026), assis(e) sur une chaise ou au sol avec un tapis.<\/p>\n<\/div>\n<\/div>\n\n\n\n<div class=\"wp-block-columns is-layout-flex wp-container-core-columns-is-layout-9d6595d7 wp-block-columns-is-layout-flex\">\n<div class=\"wp-block-column is-layout-flow wp-block-column-is-layout-flow\">\n<p><strong>SUR VOS EVENEMENTS<\/strong><br>Apportez un bulle d&rsquo;oxyg\u00e8ne en proposant des prestations \u00e0 la carte avec<strong> <\/strong>diff\u00e9rentes formules  propos\u00e9es et adapt\u00e9es \u00e0 vos espaces et vos contraintes de temps.<br>Pour tout projet, n&rsquo;h\u00e9sitez pas \u00e0 prendre contact afin d&rsquo;exposer vos besoins. <br>Apr\u00e8s \u00e9tude de votre projet, nous conviendrons des conditions de notre partenariat.<\/p>\n<\/div>\n\n\n\n<div class=\"wp-block-column is-layout-flow wp-block-column-is-layout-flow\">\n<p><strong>SEANCES DE RELAXATION<\/strong><br>La s\u00e9ance de relaxation est compos\u00e9e d&rsquo;exercices simples issus de diff\u00e9rentes techniques modernes et ancestrales (mouvements corporels simples, respirations, auto-massages, d\u00e9tentes c\u00e9r\u00e9brales, visualisations positives, relaxations guid\u00e9es,\u2026).<\/p>\n<\/div>\n\n\n\n<div class=\"wp-block-column is-layout-flow wp-block-column-is-layout-flow\">\n<p><strong>EN MILIEU MEDICAL<\/strong><br>Intervention possible en Centre Hospitalier, Centre de soins palliatifs, Maisons de Retraite, ou Instituts sp\u00e9cialis\u00e9s..<\/p>\n\n\n\n<p>La r\u00e9flexologie propose d&rsquo;am\u00e9liorer la qualit\u00e9 de vie des personnes en traitement et de soulager les sympt\u00f4mes secondaires des traitements lourds en apportant bien-\u00eatre et relaxation aux malades.<br>Ces s\u00e9ances ont pour but de d\u00e9tendre la personne malade lors de traitements lourds et en aucun cas ne se substitue \u00e0 quelques soins m\u00e9dicaux que ce soit et autres traitements.<br>Les soins sont prodigu\u00e9s en accord et avec l&rsquo;autorisation de l&rsquo;ensemble de l&rsquo;\u00e9quipe m\u00e9dical suivant le patient \u00e0 domicile ou en institut.<\/p>\n<\/div>\n<\/div>\n","protected":false},"excerpt":{"rendered":"<p>Aidez vos collaborateurs \u00e0 mieux g\u00e9rer leur stress de la vie professionnelle, gr\u00e2ce \u00e0 des techniques de relaxation adapt\u00e9es \u00e0 votre lieu de travail. Que vous soyez une entreprise, une &hellip; <\/p>\n","protected":false},"author":1,"featured_media":296,"parent":0,"menu_order":0,"comment_status":"closed","ping_status":"closed","template":"","meta":{"footnotes":""},"class_list":["post-224","page","type-page","status-publish","has-post-thumbnail","hentry"],"_links":{"self":[{"href":"https:\/\/covayoga.com\/wordpress\/index.php?rest_route=\/wp\/v2\/pages\/224","targetHints":{"allow":["GET"]}}],"collection":[{"href":"https:\/\/covayoga.com\/wordpress\/index.php?rest_route=\/wp\/v2\/pages"}],"about":[{"href":"https:\/\/covayoga.com\/wordpress\/index.php?rest_route=\/wp\/v2\/types\/page"}],"author":[{"embeddable":true,"href":"https:\/\/covayoga.com\/wordpress\/index.php?rest_route=\/wp\/v2\/users\/1"}],"replies":[{"embeddable":true,"href":"https:\/\/covayoga.com\/wordpress\/index.php?rest_route=%2Fwp%2Fv2%2Fcomments&post=224"}],"version-history":[{"count":7,"href":"https:\/\/covayoga.com\/wordpress\/index.php?rest_route=\/wp\/v2\/pages\/224\/revisions"}],"predecessor-version":[{"id":569,"href":"https:\/\/covayoga.com\/wordpress\/index.php?rest_route=\/wp\/v2\/pages\/224\/revisions\/569"}],"wp:featuredmedia":[{"embeddable":true,"href":"https:\/\/covayoga.com\/wordpress\/index.php?rest_route=\/wp\/v2\/media\/296"}],"wp:attachment":[{"href":"https:\/\/covayoga.com\/wordpress\/index.php?rest_route=%2Fwp%2Fv2%2Fmedia&parent=224"}],"curies":[{"name":"wp","href":"https:\/\/api.w.org\/{rel}","templated":true}]}}