{"id":225,"date":"2023-04-04T16:49:53","date_gmt":"2023-04-04T16:49:53","guid":{"rendered":"https:\/\/covayoga.com\/wordpress\/?page_id=225"},"modified":"2023-05-24T20:47:48","modified_gmt":"2023-05-24T20:47:48","slug":"tarifs","status":"publish","type":"page","link":"https:\/\/covayoga.com\/wordpress\/?page_id=225","title":{"rendered":"Tarifs"},"content":{"rendered":"\n<p><strong>R\u00e9flexologie plantaire Douce<\/strong><br>S\u00e9ance adulte 1h : 80\u20ac<br><br><strong>R\u00e9flexologie plantaire Chinoise<\/strong><br>Premi\u00e8re s\u00e9ance 1h30 : 120\u20ac<br>S\u00e9ances suivantes cibl\u00e9es 1h : 80\u20ac<\/p>\n\n\n\n<p><strong>R\u00e9flexologie palmaire<\/strong><br>S\u00e9ance 20mn : 30\u20ac<\/p>\n\n\n\n<p><strong>R\u00e9flexologie faciale Dien Chan<\/strong><br>Premi\u00e8re s\u00e9ance 1h : 80\u20ac<br>S\u00e9ance suivante cibl\u00e9e 30mn : 40\u20ac<\/p>\n\n\n\n<p><strong>Relaxation<\/strong><br>Dur\u00e9e 1h : 80\u20ac<br><br><strong>Yoga Nidra<\/strong><br>S\u00e9ance 1h : 80\u20ac<br><br><strong>Yoga Cours Priv\u00e9 de 1h00<\/strong> :<br>1 personne : 60\u20ac<br>+ 10\u20ac par personne suppl\u00e9mentaire soit :<br>. Duo : 70\u20ac (35\u20ac\/pers.)<br>. Trio : 80\u20ac (27\u20ac\/pers.)<br>. Quatro : 90\u20ac (22,50\u20ac\/pers.)<br>. Quintet : 100\u20ac (20\u20ac\/pers.)<br><br><strong>Yoga Cours Priv\u00e9 de 1h30<\/strong> :<br>1 personne : 90\u20ac<br>+ 10\u20ac par personne suppl\u00e9mentaire soit :<br>Duo : 100\u20ac (50\u20ac\/pers.)<br>Trio : 110\u20ac (37\u20ac\/pers.)<br>Quatro : 120\u20ac (30\u20ac\/pers.)<br>Quintet : 130\u20ac (26\u20ac\/pers.)<br><br><strong>Tarifs Entreprises :<\/strong> Etude tarifaire sur demande<\/p>\n","protected":false},"excerpt":{"rendered":"<p>R\u00e9flexologie plantaire DouceS\u00e9ance adulte 1h : 80\u20ac R\u00e9flexologie plantaire ChinoisePremi\u00e8re s\u00e9ance 1h30 : 120\u20acS\u00e9ances suivantes cibl\u00e9es 1h : 80\u20ac R\u00e9flexologie palmaireS\u00e9ance 20mn : 30\u20ac R\u00e9flexologie faciale Dien ChanPremi\u00e8re s\u00e9ance 1h &hellip; <\/p>\n","protected":false},"author":1,"featured_media":309,"parent":0,"menu_order":0,"comment_status":"closed","ping_status":"closed","template":"","meta":{"footnotes":""},"class_list":["post-225","page","type-page","status-publish","has-post-thumbnail","hentry"],"_links":{"self":[{"href":"https:\/\/covayoga.com\/wordpress\/index.php?rest_route=\/wp\/v2\/pages\/225","targetHints":{"allow":["GET"]}}],"collection":[{"href":"https:\/\/covayoga.com\/wordpress\/index.php?rest_route=\/wp\/v2\/pages"}],"about":[{"href":"https:\/\/covayoga.com\/wordpress\/index.php?rest_route=\/wp\/v2\/types\/page"}],"author":[{"embeddable":true,"href":"https:\/\/covayoga.com\/wordpress\/index.php?rest_route=\/wp\/v2\/users\/1"}],"replies":[{"embeddable":true,"href":"https:\/\/covayoga.com\/wordpress\/index.php?rest_route=%2Fwp%2Fv2%2Fcomments&post=225"}],"version-history":[{"count":5,"href":"https:\/\/covayoga.com\/wordpress\/index.php?rest_route=\/wp\/v2\/pages\/225\/revisions"}],"predecessor-version":[{"id":338,"href":"https:\/\/covayoga.com\/wordpress\/index.php?rest_route=\/wp\/v2\/pages\/225\/revisions\/338"}],"wp:featuredmedia":[{"embeddable":true,"href":"https:\/\/covayoga.com\/wordpress\/index.php?rest_route=\/wp\/v2\/media\/309"}],"wp:attachment":[{"href":"https:\/\/covayoga.com\/wordpress\/index.php?rest_route=%2Fwp%2Fv2%2Fmedia&parent=225"}],"curies":[{"name":"wp","href":"https:\/\/api.w.org\/{rel}","templated":true}]}}