{"id":404,"date":"2023-04-14T14:50:08","date_gmt":"2023-04-14T14:50:08","guid":{"rendered":"https:\/\/covayoga.com\/wordpress\/?page_id=404"},"modified":"2025-08-05T16:55:27","modified_gmt":"2025-08-05T16:55:27","slug":"planning-2","status":"publish","type":"page","link":"https:\/\/covayoga.com\/wordpress\/?page_id=404","title":{"rendered":"Planning"},"content":{"rendered":"\n<div class=\"wp-block-media-text alignwide is-stacked-on-mobile\"><figure class=\"wp-block-media-text__media\"><img loading=\"lazy\" decoding=\"async\" width=\"1024\" height=\"768\" src=\"https:\/\/covayoga.com\/wordpress\/wp-content\/uploads\/2023\/04\/20210721_145841-1024x768.jpg\" alt=\"\" class=\"wp-image-349 size-full\" srcset=\"https:\/\/covayoga.com\/wordpress\/wp-content\/uploads\/2023\/04\/20210721_145841-1024x768.jpg 1024w, https:\/\/covayoga.com\/wordpress\/wp-content\/uploads\/2023\/04\/20210721_145841-300x225.jpg 300w, https:\/\/covayoga.com\/wordpress\/wp-content\/uploads\/2023\/04\/20210721_145841-768x576.jpg 768w, https:\/\/covayoga.com\/wordpress\/wp-content\/uploads\/2023\/04\/20210721_145841-1536x1152.jpg 1536w, https:\/\/covayoga.com\/wordpress\/wp-content\/uploads\/2023\/04\/20210721_145841-2048x1536.jpg 2048w, https:\/\/covayoga.com\/wordpress\/wp-content\/uploads\/2023\/04\/20210721_145841-80x60.jpg 80w, https:\/\/covayoga.com\/wordpress\/wp-content\/uploads\/2023\/04\/20210721_145841-640x480.jpg 640w, https:\/\/covayoga.com\/wordpress\/wp-content\/uploads\/2023\/04\/20210721_145841-110x83.jpg 110w\" sizes=\"auto, (max-width: 1024px) 100vw, 1024px\" \/><\/figure><div class=\"wp-block-media-text__content\">\n<p><strong>YOGA SHALA \u00e0 Buc, cours de Vinyasa<\/strong><br>. Lundi 18h \u00e0 19h30<br>. Mercredi 9h \u00e0 10h30<br>. Vendredi 20h \u00e0 21h30<br>www.yogashalabuc.fr<\/p>\n\n\n\n<p><strong>ASCT \u00e0 Toussus-le-Noble, cours de Hatha<\/strong><br>. Jeudi 12h15 \u00e0 13h30<br>www.asctoussus.fr<\/p>\n\n\n\n<p><strong>Cours hebdomadaires et \u00e9v\u00e9nementiels en Entreprises<\/strong><\/p>\n<\/div><\/div>\n","protected":false},"excerpt":{"rendered":"<p>YOGA SHALA \u00e0 Buc, cours de Vinyasa. Lundi 18h \u00e0 19h30. Mercredi 9h \u00e0 10h30. Vendredi 20h \u00e0 21h30www.yogashalabuc.fr ASCT \u00e0 Toussus-le-Noble, cours de Hatha. Jeudi 12h15 \u00e0 13h30www.asctoussus.fr Cours &hellip; <\/p>\n","protected":false},"author":1,"featured_media":297,"parent":0,"menu_order":0,"comment_status":"closed","ping_status":"closed","template":"","meta":{"footnotes":""},"class_list":["post-404","page","type-page","status-publish","has-post-thumbnail","hentry"],"_links":{"self":[{"href":"https:\/\/covayoga.com\/wordpress\/index.php?rest_route=\/wp\/v2\/pages\/404","targetHints":{"allow":["GET"]}}],"collection":[{"href":"https:\/\/covayoga.com\/wordpress\/index.php?rest_route=\/wp\/v2\/pages"}],"about":[{"href":"https:\/\/covayoga.com\/wordpress\/index.php?rest_route=\/wp\/v2\/types\/page"}],"author":[{"embeddable":true,"href":"https:\/\/covayoga.com\/wordpress\/index.php?rest_route=\/wp\/v2\/users\/1"}],"replies":[{"embeddable":true,"href":"https:\/\/covayoga.com\/wordpress\/index.php?rest_route=%2Fwp%2Fv2%2Fcomments&post=404"}],"version-history":[{"count":11,"href":"https:\/\/covayoga.com\/wordpress\/index.php?rest_route=\/wp\/v2\/pages\/404\/revisions"}],"predecessor-version":[{"id":630,"href":"https:\/\/covayoga.com\/wordpress\/index.php?rest_route=\/wp\/v2\/pages\/404\/revisions\/630"}],"wp:featuredmedia":[{"embeddable":true,"href":"https:\/\/covayoga.com\/wordpress\/index.php?rest_route=\/wp\/v2\/media\/297"}],"wp:attachment":[{"href":"https:\/\/covayoga.com\/wordpress\/index.php?rest_route=%2Fwp%2Fv2%2Fmedia&parent=404"}],"curies":[{"name":"wp","href":"https:\/\/api.w.org\/{rel}","templated":true}]}}