{"id":455,"date":"2023-05-24T14:52:13","date_gmt":"2023-05-24T14:52:13","guid":{"rendered":"https:\/\/covayoga.com\/wordpress\/?page_id=455"},"modified":"2026-04-01T12:49:53","modified_gmt":"2026-04-01T12:49:53","slug":"formations","status":"publish","type":"page","link":"https:\/\/covayoga.com\/wordpress\/?page_id=455","title":{"rendered":"Formation Yoga Nidra"},"content":{"rendered":"\n<div class=\"wp-block-columns is-layout-flex wp-container-core-columns-is-layout-9d6595d7 wp-block-columns-is-layout-flex\">\n<div class=\"wp-block-column is-layout-flow wp-block-column-is-layout-flow\" style=\"flex-basis:50%\">\n<div class=\"wp-block-group\"><div class=\"wp-block-group__inner-container is-layout-constrained wp-block-group-is-layout-constrained\">\n<figure class=\"wp-block-gallery aligncenter has-nested-images columns-default is-cropped wp-block-gallery-1 is-layout-flex wp-block-gallery-is-layout-flex\">\n<figure class=\"wp-block-image size-full\"><img loading=\"lazy\" decoding=\"async\" width=\"559\" height=\"794\" data-id=\"645\" src=\"https:\/\/covayoga.com\/wordpress\/wp-content\/uploads\/2026\/04\/2026-Nidra-Flyer-A5-Nouvelles-dates.png\" alt=\"\" class=\"wp-image-645\" srcset=\"https:\/\/covayoga.com\/wordpress\/wp-content\/uploads\/2026\/04\/2026-Nidra-Flyer-A5-Nouvelles-dates.png 559w, https:\/\/covayoga.com\/wordpress\/wp-content\/uploads\/2026\/04\/2026-Nidra-Flyer-A5-Nouvelles-dates-211x300.png 211w\" sizes=\"auto, (max-width: 559px) 100vw, 559px\" \/><\/figure>\n<\/figure>\n<\/div><\/div>\n<\/div>\n\n\n\n<div class=\"wp-block-column is-layout-flow wp-block-column-is-layout-flow\" style=\"flex-basis:66.68%\">\n<h4 class=\"wp-block-heading\">Enseigner le Yoga Nidra de Swami Satyananda<\/h4>\n\n\n\n<p>Dur\u00e9e&nbsp;: 50h (8 sessions de 6h + 2h)<br>Sessions en pr\u00e9sentiel<br>Tradition : Satyananda, Bihar School of Yoga<br>Tarif&nbsp;: 980 euros<\/p>\n\n\n\n<p><strong>Dates de formation 2026 : <\/strong><br><em>Samedi : 14h30 \u00e0 17h30\u00a0et <\/em>Dimanche : 10h \u00e0 13h et 14h \u00e0 17h<br>4 et 5 avril, 12 avril, 2 et 3 mai, <br>23 et 24 mai, 6 et 7 juin, 14 juin.<\/p>\n\n\n\n<p>Lieu : Centre Osmose Yoga Paris<br>Inscription par mail : <a href=\"mailto:cova@numericable.fr%20\">cova@numericable.fr<\/a> et&nbsp;<a href=\"mailto:renan@osmose-yoga-paris.com\">renan@osmose-yoga-paris.com<\/a><\/p>\n\n\n\n<p><strong>Objectif de la formation<br><\/strong>Cette formation a pour but de transmettre les connaissances fondamentales et les bases pratiques \u00e0 l\u2019\u00e9laboration d\u2019un Yoga Nidra, \u00e9laborer une structure de s\u00e9quences et \u00eatre capable de guider un Yoga Nidra.<\/p>\n\n\n\n<p>La formation est une transmission de la technique de Swami Satyananda ; le but \u00e9tant l\u2019enseignement de cette technique. Chaque sessions impliquent un travail personnel et une participation active lors de chaque s\u00e9ance.<\/p>\n<\/div>\n<\/div>\n\n\n\n<div class=\"wp-block-group\"><div class=\"wp-block-group__inner-container is-layout-constrained wp-block-group-is-layout-constrained\">\n<p><strong>A qui s\u2019adresse cette formation&nbsp;?<br><\/strong>&#8211; A toute personne d\u00e9sirant mieux comprendre la technique.<br>&#8211; Aux professeurs de Yoga.<br>&#8211; A tous pratiquants de yoga confirm\u00e9s ou d\u00e9butants.<br>&#8211; Tous professionnels des m\u00e9tiers du bien-\u00eatre.<br>Aucun niveau d\u2019\u00e9tudes n\u2019est requis.<\/p>\n\n\n\n<p><strong>Contenu de la formation<\/strong><\/p>\n\n\n\n<p>&#8211; Origines de Yoga Nidra<br>&#8211; Yoga Nidra &amp; Relaxation<br>&#8211; Etude des s\u00e9quences<br>&#8211; Les diff\u00e9rents \u00e9tats de conscience<br>&#8211; La posture\u00a0<em>\u015bav\u0101sana<\/em><br>&#8211; Sankalpa<br>&#8211; Nyasa et rotation de la conscience<br>&#8211; Images, symboles et arch\u00e9types<br>&#8211; Structurer les s\u00e9quences<br>&#8211; Mise en pratique<br>&#8211; R\u00f4le de la voix<br>&#8211; Yoga Nidra &amp; M\u00e9ditation<br>&#8211; Les bienfaits et applications<\/p>\n<\/div><\/div>\n\n\n\n<div class=\"wp-block-columns is-layout-flex wp-container-core-columns-is-layout-9d6595d7 wp-block-columns-is-layout-flex\"><\/div>\n","protected":false},"excerpt":{"rendered":"<p>Enseigner le Yoga Nidra de Swami Satyananda Dur\u00e9e&nbsp;: 50h (8 sessions de 6h + 2h)Sessions en pr\u00e9sentielTradition : Satyananda, Bihar School of YogaTarif&nbsp;: 980 euros Dates de formation 2026 : &hellip; <\/p>\n","protected":false},"author":1,"featured_media":301,"parent":0,"menu_order":0,"comment_status":"closed","ping_status":"closed","template":"","meta":{"footnotes":""},"class_list":["post-455","page","type-page","status-publish","has-post-thumbnail","hentry"],"_links":{"self":[{"href":"https:\/\/covayoga.com\/wordpress\/index.php?rest_route=\/wp\/v2\/pages\/455","targetHints":{"allow":["GET"]}}],"collection":[{"href":"https:\/\/covayoga.com\/wordpress\/index.php?rest_route=\/wp\/v2\/pages"}],"about":[{"href":"https:\/\/covayoga.com\/wordpress\/index.php?rest_route=\/wp\/v2\/types\/page"}],"author":[{"embeddable":true,"href":"https:\/\/covayoga.com\/wordpress\/index.php?rest_route=\/wp\/v2\/users\/1"}],"replies":[{"embeddable":true,"href":"https:\/\/covayoga.com\/wordpress\/index.php?rest_route=%2Fwp%2Fv2%2Fcomments&post=455"}],"version-history":[{"count":22,"href":"https:\/\/covayoga.com\/wordpress\/index.php?rest_route=\/wp\/v2\/pages\/455\/revisions"}],"predecessor-version":[{"id":646,"href":"https:\/\/covayoga.com\/wordpress\/index.php?rest_route=\/wp\/v2\/pages\/455\/revisions\/646"}],"wp:featuredmedia":[{"embeddable":true,"href":"https:\/\/covayoga.com\/wordpress\/index.php?rest_route=\/wp\/v2\/media\/301"}],"wp:attachment":[{"href":"https:\/\/covayoga.com\/wordpress\/index.php?rest_route=%2Fwp%2Fv2%2Fmedia&parent=455"}],"curies":[{"name":"wp","href":"https:\/\/api.w.org\/{rel}","templated":true}]}}