{"id":504,"date":"2023-05-30T09:42:17","date_gmt":"2023-05-30T09:42:17","guid":{"rendered":"https:\/\/covayoga.com\/wordpress\/?page_id=504"},"modified":"2023-05-30T13:11:53","modified_gmt":"2023-05-30T13:11:53","slug":"chinoise","status":"publish","type":"page","link":"https:\/\/covayoga.com\/wordpress\/?page_id=504","title":{"rendered":"La r\u00e9flexologie selon la m\u00e9decine traditionnelle chinoise"},"content":{"rendered":"\n<div class=\"wp-block-media-text alignwide is-stacked-on-mobile is-vertically-aligned-center\" style=\"grid-template-columns:29% auto\"><figure class=\"wp-block-media-text__media\"><img decoding=\"async\" src=\"https:\/\/covayoga.com\/wordpress\/wp-content\/uploads\/2023\/03\/pied-1.gif\" alt=\"\" class=\"wp-image-194 size-full\"\/><\/figure><div class=\"wp-block-media-text__content\">\n<h1 class=\"wp-block-heading has-text-color\" style=\"color:#000000;font-size:17px\">Le soin \u00e9nerg\u00e9tique des pieds<\/h1>\n\n\n\n<p class=\"has-text-color\" style=\"color:#000000;font-size:17px\">La M\u00e9decine Traditionnelle Chinoise (M.T.C.) est une science mill\u00e9naire de pr\u00e8s de 4000 ans qui r\u00e9pond aux lois du Yin et du Yang et des 5 principes (Eau, Bois, Feu, M\u00e9tal, Terre).<br>Le principe de base est que l\u2019\u00e9nergie parcours le corps dans un r\u00e9seau de fleuves \u00e9nerg\u00e9tiques, les 12 m\u00e9ridiens, et que tout d\u00e9s\u00e9quilibre dans un m\u00e9ridien donn\u00e9, ou dans un principe, perturbe l\u2019organisme dans son ensemble.<\/p>\n<\/div><\/div>\n\n\n\n<div class=\"wp-block-cover alignfull is-light\" style=\"min-height:693px;aspect-ratio:unset;\"><span aria-hidden=\"true\" class=\"wp-block-cover__background has-background-dim-100 has-background-dim\" style=\"background-color:#ffffff\"><\/span><div class=\"wp-block-cover__inner-container is-layout-flow wp-block-cover-is-layout-flow\">\n<div class=\"wp-block-columns is-layout-flex wp-container-core-columns-is-layout-9d6595d7 wp-block-columns-is-layout-flex\">\n<div class=\"wp-block-column is-layout-flow wp-block-column-is-layout-flow\" style=\"flex-basis:100%\">\n<p><strong><strong>Une technique tonique et invasiv<\/strong>e<\/strong><br>Appliqu\u00e9 \u00e0 la r\u00e9flexologie plantaire, le praticien \u00e9tablit un bilan \u00e9nerg\u00e9tique et vise \u00e0 r\u00e9tablir l\u2019\u00e9quilibre dans tout le corps en d\u00e9gageant et en r\u00e9\u00e9quilibrant les m\u00e9ridiens \u00e0 partir d\u2019un soin tr\u00e8s profond des pieds. La tonification ou la dispersion de certains m\u00e9ridiens seront exerc\u00e9s si n\u00e9cessaire afin de restaurer un bon \u00e9quilibre \u00e9nerg\u00e9tique entre le corps et l\u2019esprit.<br>Cette technique a fait ses preuves dans le monde oriental et elle est m\u00eame pratiqu\u00e9e en milieu clinique dans des h\u00f4pitaux en Chine, mais elle reste m\u00e9connue en Occident.<\/p>\n\n\n\n<p> <\/p>\n\n\n\n<p><strong>La dur\u00e9e de la s\u00e9ance<\/strong><\/p>\n\n\n\n<p>Le nombre de s\u00e9ances sera d\u00e9termin\u00e9 en fonction de la r\u00e9ceptivit\u00e9 et du ressenti de la personne, mais aussi de l\u2019anciennet\u00e9 du trouble.<br>Lors de la premi\u00e8re s\u00e9ance (environ 1h30), un bilan \u00e9nerg\u00e9tique sera \u00e9tabli.<br>Puis l&rsquo;application d\u2019un protocole complet de soin selon la m\u00e9thode chinoise permettra de d\u00e9terminer les diff\u00e9rents flux \u00e9nerg\u00e9tiques \u00e0 \u00abcorriger\u00bb lors des prochaines s\u00e9ances.<br>Les s\u00e9ances suivantes seront tr\u00e8s cibl\u00e9es et rapproch\u00e9es afin d\u2019intervenir avec pertinence sur les diff\u00e9rents m\u00e9ridiens. La dur\u00e9e des s\u00e9ances suivantes est d\u2019environ 1 heure.<\/p>\n\n\n\n<p><strong>Les contre indications<\/strong><br>Par le caract\u00e8re invasif qui caract\u00e9rise la m\u00e9thode, il n\u2019est pas recommand\u00e9 de pratiquer cette technique chinoise dans les cas suivants :<\/p>\n\n\n\n<ul class=\"wp-block-list\">\n<li>Phl\u00e9bite ou thrombose d\u00e9clar\u00e9e<\/li>\n\n\n\n<li>Cancer d\u00e9clar\u00e9 en phase flambante<\/li>\n\n\n\n<li>Femme enceinte<\/li>\n\n\n\n<li>Enfant de moins de 5 ans<\/li>\n\n\n\n<li>Traumatisme des membres inf\u00e9rieurs : fracture, inflammation locale, plaies, entorse r\u00e9cente, \u00e9pine calcan\u00e9enne, forte fi\u00e8vre<\/li>\n\n\n\n<li>Insuffisance r\u00e9nale, h\u00e9patique grave, pathologies cardiaques<\/li>\n<\/ul>\n<\/div>\n<\/div>\n<\/div><\/div>\n","protected":false},"excerpt":{"rendered":"<p>Le soin \u00e9nerg\u00e9tique des pieds La M\u00e9decine Traditionnelle Chinoise (M.T.C.) est une science mill\u00e9naire de pr\u00e8s de 4000 ans qui r\u00e9pond aux lois du Yin et du Yang et des &hellip; <\/p>\n","protected":false},"author":1,"featured_media":194,"parent":222,"menu_order":0,"comment_status":"closed","ping_status":"closed","template":"","meta":{"footnotes":""},"class_list":["post-504","page","type-page","status-publish","has-post-thumbnail","hentry"],"_links":{"self":[{"href":"https:\/\/covayoga.com\/wordpress\/index.php?rest_route=\/wp\/v2\/pages\/504","targetHints":{"allow":["GET"]}}],"collection":[{"href":"https:\/\/covayoga.com\/wordpress\/index.php?rest_route=\/wp\/v2\/pages"}],"about":[{"href":"https:\/\/covayoga.com\/wordpress\/index.php?rest_route=\/wp\/v2\/types\/page"}],"author":[{"embeddable":true,"href":"https:\/\/covayoga.com\/wordpress\/index.php?rest_route=\/wp\/v2\/users\/1"}],"replies":[{"embeddable":true,"href":"https:\/\/covayoga.com\/wordpress\/index.php?rest_route=%2Fwp%2Fv2%2Fcomments&post=504"}],"version-history":[{"count":6,"href":"https:\/\/covayoga.com\/wordpress\/index.php?rest_route=\/wp\/v2\/pages\/504\/revisions"}],"predecessor-version":[{"id":521,"href":"https:\/\/covayoga.com\/wordpress\/index.php?rest_route=\/wp\/v2\/pages\/504\/revisions\/521"}],"up":[{"embeddable":true,"href":"https:\/\/covayoga.com\/wordpress\/index.php?rest_route=\/wp\/v2\/pages\/222"}],"wp:featuredmedia":[{"embeddable":true,"href":"https:\/\/covayoga.com\/wordpress\/index.php?rest_route=\/wp\/v2\/media\/194"}],"wp:attachment":[{"href":"https:\/\/covayoga.com\/wordpress\/index.php?rest_route=%2Fwp%2Fv2%2Fmedia&parent=504"}],"curies":[{"name":"wp","href":"https:\/\/api.w.org\/{rel}","templated":true}]}}