{"id":512,"date":"2023-05-30T12:58:52","date_gmt":"2023-05-30T12:58:52","guid":{"rendered":"https:\/\/covayoga.com\/wordpress\/?page_id=512"},"modified":"2023-05-30T13:40:53","modified_gmt":"2023-05-30T13:40:53","slug":"la-reflexologie-faciale-dien-chan","status":"publish","type":"page","link":"https:\/\/covayoga.com\/wordpress\/?page_id=512","title":{"rendered":"La r\u00e9flexologie faciale Dien Chan"},"content":{"rendered":"\n<p><em>Une stimulation de points actifs sur le visage<\/em><\/p>\n\n\n\n<div class=\"wp-block-media-text alignwide is-stacked-on-mobile is-vertically-aligned-center\" style=\"grid-template-columns:27% auto\"><figure class=\"wp-block-media-text__media\"><img loading=\"lazy\" decoding=\"async\" width=\"692\" height=\"850\" src=\"https:\/\/covayoga.com\/wordpress\/wp-content\/uploads\/2023\/05\/mapfront.jpg\" alt=\"\" class=\"wp-image-524 size-full\" srcset=\"https:\/\/covayoga.com\/wordpress\/wp-content\/uploads\/2023\/05\/mapfront.jpg 692w, https:\/\/covayoga.com\/wordpress\/wp-content\/uploads\/2023\/05\/mapfront-244x300.jpg 244w, https:\/\/covayoga.com\/wordpress\/wp-content\/uploads\/2023\/05\/mapfront-49x60.jpg 49w\" sizes=\"auto, (max-width: 692px) 100vw, 692px\" \/><\/figure><div class=\"wp-block-media-text__content\">\n<h1 class=\"wp-block-heading has-text-color\" style=\"color:#000000;font-size:17px\">Une technique vietnamienne<\/h1>\n\n\n\n<p class=\"has-text-color\" style=\"color:#000000;font-size:17px\">D&rsquo;une grande complexit\u00e9, les diff\u00e9rentes cartographies du visage et du cr\u00e2ne sont les projections et les reflets du corps.<br>Le Dien Chan agit par stimulation de zones et\/ou de points r\u00e9flexes avec des pressions exerc\u00e9es par les doigts ou avec des outils (sans aiguille). <\/p>\n\n\n\n<p class=\"has-text-color\" style=\"color:#000000;font-size:17px\">Cette technique a fait ses preuves dans le monde oriental et elle est m\u00eame pratiqu\u00e9e en milieu clinique au Vietnam et \u00e0 Cuba, mais elle reste m\u00e9connue en Occident. A l\u2019origine, la volont\u00e9 du Professeur B\u00f9i Qu\u00f4c Ch\u00e2u \u00e9tait d\u2019offrir \u00e0 son pays une technique de soin simple \u00e0 apprendre et \u00e0 pratiquer afin que \u00ab les personnes qui n\u2019avaient pas acc\u00e8s aux soins puissent se soigner elles-m\u00eames. <\/p>\n<\/div><\/div>\n\n\n\n<div class=\"wp-block-cover alignfull is-light\" style=\"min-height:693px;aspect-ratio:unset;\"><span aria-hidden=\"true\" class=\"wp-block-cover__background has-background-dim-100 has-background-dim\" style=\"background-color:#ffffff\"><\/span><div class=\"wp-block-cover__inner-container is-layout-flow wp-block-cover-is-layout-flow\">\n<div class=\"wp-block-columns is-layout-flex wp-container-core-columns-is-layout-9d6595d7 wp-block-columns-is-layout-flex\">\n<div class=\"wp-block-column is-layout-flow wp-block-column-is-layout-flow\" style=\"flex-basis:100%\">\n<p><strong>La dur\u00e9e de la s\u00e9ance<\/strong><\/p>\n\n\n\n<p>La premi\u00e8re s\u00e9ance dure environ 1 heure. Elle permet de faire le point avec la personne sur ce qu&rsquo;il l&rsquo;am\u00e8ne et de choisir le protocole adapt\u00e9 et l&rsquo;appliquer. Lors de cette s\u00e9ance, vous comprendrez pourquoi et comment stimuler les zones et points du visage.<br>La suivante dure environ une demi heure. Elle permet de valider le choix du protocole, voir de l&rsquo;adapter si n\u00e9cessaire. L\u2019objectif est de vous accompagner vers l\u2019autonomie et d\u2019obtenir des r\u00e9sultats rapidement significatifs.<\/p>\n\n\n\n<p><strong>Les contre indications<\/strong><br>Cette technique est invasive et peut-\u00eatre douloureuse, mais il n&rsquo;y a pas de contre indication.<\/p>\n\n\n\n<figure class=\"wp-block-image size-full\"><img loading=\"lazy\" decoding=\"async\" width=\"252\" height=\"281\" src=\"https:\/\/covayoga.com\/wordpress\/wp-content\/uploads\/2023\/05\/professeur.jpg\" alt=\"\" class=\"wp-image-526\" srcset=\"https:\/\/covayoga.com\/wordpress\/wp-content\/uploads\/2023\/05\/professeur.jpg 252w, https:\/\/covayoga.com\/wordpress\/wp-content\/uploads\/2023\/05\/professeur-54x60.jpg 54w\" sizes=\"auto, (max-width: 252px) 100vw, 252px\" \/><\/figure>\n<\/div>\n<\/div>\n<\/div><\/div>\n","protected":false},"excerpt":{"rendered":"<p>Une stimulation de points actifs sur le visage Une technique vietnamienne D&rsquo;une grande complexit\u00e9, les diff\u00e9rentes cartographies du visage et du cr\u00e2ne sont les projections et les reflets du corps.Le &hellip; <\/p>\n","protected":false},"author":1,"featured_media":524,"parent":222,"menu_order":0,"comment_status":"closed","ping_status":"closed","template":"","meta":{"footnotes":""},"class_list":["post-512","page","type-page","status-publish","has-post-thumbnail","hentry"],"_links":{"self":[{"href":"https:\/\/covayoga.com\/wordpress\/index.php?rest_route=\/wp\/v2\/pages\/512","targetHints":{"allow":["GET"]}}],"collection":[{"href":"https:\/\/covayoga.com\/wordpress\/index.php?rest_route=\/wp\/v2\/pages"}],"about":[{"href":"https:\/\/covayoga.com\/wordpress\/index.php?rest_route=\/wp\/v2\/types\/page"}],"author":[{"embeddable":true,"href":"https:\/\/covayoga.com\/wordpress\/index.php?rest_route=\/wp\/v2\/users\/1"}],"replies":[{"embeddable":true,"href":"https:\/\/covayoga.com\/wordpress\/index.php?rest_route=%2Fwp%2Fv2%2Fcomments&post=512"}],"version-history":[{"count":11,"href":"https:\/\/covayoga.com\/wordpress\/index.php?rest_route=\/wp\/v2\/pages\/512\/revisions"}],"predecessor-version":[{"id":532,"href":"https:\/\/covayoga.com\/wordpress\/index.php?rest_route=\/wp\/v2\/pages\/512\/revisions\/532"}],"up":[{"embeddable":true,"href":"https:\/\/covayoga.com\/wordpress\/index.php?rest_route=\/wp\/v2\/pages\/222"}],"wp:featuredmedia":[{"embeddable":true,"href":"https:\/\/covayoga.com\/wordpress\/index.php?rest_route=\/wp\/v2\/media\/524"}],"wp:attachment":[{"href":"https:\/\/covayoga.com\/wordpress\/index.php?rest_route=%2Fwp%2Fv2%2Fmedia&parent=512"}],"curies":[{"name":"wp","href":"https:\/\/api.w.org\/{rel}","templated":true}]}}