{"id":533,"date":"2023-05-30T13:43:03","date_gmt":"2023-05-30T13:43:03","guid":{"rendered":"https:\/\/covayoga.com\/wordpress\/?page_id=533"},"modified":"2023-05-30T15:10:15","modified_gmt":"2023-05-30T15:10:15","slug":"la-reflexologie-palmaire","status":"publish","type":"page","link":"https:\/\/covayoga.com\/wordpress\/?page_id=533","title":{"rendered":"La r\u00e9flexologie palmaire"},"content":{"rendered":"\n<p><em>Un technique \u00e0 part enti\u00e8re<\/em><\/p>\n\n\n\n<div class=\"wp-block-media-text alignwide is-stacked-on-mobile is-vertically-aligned-center\" style=\"grid-template-columns:31% auto\"><figure class=\"wp-block-media-text__media\"><img loading=\"lazy\" decoding=\"async\" width=\"1024\" height=\"684\" src=\"https:\/\/covayoga.com\/wordpress\/wp-content\/uploads\/2023\/05\/CD047084-1024x684.jpg\" alt=\"\" class=\"wp-image-552 size-full\" srcset=\"https:\/\/covayoga.com\/wordpress\/wp-content\/uploads\/2023\/05\/CD047084-1024x684.jpg 1024w, https:\/\/covayoga.com\/wordpress\/wp-content\/uploads\/2023\/05\/CD047084-300x200.jpg 300w, https:\/\/covayoga.com\/wordpress\/wp-content\/uploads\/2023\/05\/CD047084-768x513.jpg 768w, https:\/\/covayoga.com\/wordpress\/wp-content\/uploads\/2023\/05\/CD047084-1536x1026.jpg 1536w, https:\/\/covayoga.com\/wordpress\/wp-content\/uploads\/2023\/05\/CD047084-2048x1368.jpg 2048w, https:\/\/covayoga.com\/wordpress\/wp-content\/uploads\/2023\/05\/CD047084-90x60.jpg 90w, https:\/\/covayoga.com\/wordpress\/wp-content\/uploads\/2023\/05\/CD047084-370x247.jpg 370w, https:\/\/covayoga.com\/wordpress\/wp-content\/uploads\/2023\/05\/CD047084-776x517.jpg 776w\" sizes=\"auto, (max-width: 1024px) 100vw, 1024px\" \/><\/figure><div class=\"wp-block-media-text__content\">\n<h1 class=\"wp-block-heading has-text-color\" style=\"color:#000000;font-size:17px\">Une approche douce et relaxante<\/h1>\n\n\n\n<p class=\"has-text-color\" style=\"color:#000000;font-size:17px\">Comme les pieds, les mains constituent un miroir de notre corps. Les zones r\u00e9flexes se situent \u00e0 la fois dans la paume, sur les doigts et sur le dessus des deux mains. A chaque zone r\u00e9flexe de la main correspond une partie du corps. Les paumes des mains comprennent des milliers de terminaisons nerveuses sensorielles, ce qui les place parmi les zones les plus sensibles du corps. <\/p>\n\n\n\n<p class=\"has-text-color\" style=\"color:#000000;font-size:17px\">Lorsque les pieds sont difficiles d\u2019acc\u00e8s (handicaps, maladie, personnes \u00e2g\u00e9es, transport\u2026), les mains deviennent des zones de travail privil\u00e9gi\u00e9es.<\/p>\n<\/div><\/div>\n\n\n\n<div class=\"wp-block-cover alignfull is-light\" style=\"min-height:693px;aspect-ratio:unset;\"><span aria-hidden=\"true\" class=\"wp-block-cover__background has-background-dim-100 has-background-dim\" style=\"background-color:#ffffff\"><\/span><div class=\"wp-block-cover__inner-container is-layout-flow wp-block-cover-is-layout-flow\">\n<div class=\"wp-block-columns is-layout-flex wp-container-core-columns-is-layout-9d6595d7 wp-block-columns-is-layout-flex\">\n<div class=\"wp-block-column is-layout-flow wp-block-column-is-layout-flow\" style=\"flex-basis:100%\">\n<p><strong>Les bienfaits de la r\u00e9fl\u00e9xologie palmaire<\/strong><\/p>\n\n\n\n<p>Cette technique permet une approche douce et s\u00e9curisante tout \u00e0 fait adapt\u00e9e pour les personnes cardiaques, enfants, personnes \u00e2g\u00e9es et handicap\u00e9es, car elle ne comporte aucune contre indication.<\/p>\n\n\n\n<p>La r\u00e9flexologie palmaire permet de redynamiser, tonifier et revitaliser, stimuler et soulager les mains ainsi que les articulations. Elle apporte aussi de nombreux autres bienfaits sur le reste du corps. Le massage des mains soulage efficacement la fatigue d&rsquo;une longue journ\u00e9e et apportant d\u00e9tente et relaxation.<\/p>\n<\/div>\n<\/div>\n<\/div><\/div>\n","protected":false},"excerpt":{"rendered":"<p>Un technique \u00e0 part enti\u00e8re Une approche douce et relaxante Comme les pieds, les mains constituent un miroir de notre corps. Les zones r\u00e9flexes se situent \u00e0 la fois dans &hellip; <\/p>\n","protected":false},"author":1,"featured_media":194,"parent":222,"menu_order":0,"comment_status":"closed","ping_status":"closed","template":"","meta":{"footnotes":""},"class_list":["post-533","page","type-page","status-publish","has-post-thumbnail","hentry"],"_links":{"self":[{"href":"https:\/\/covayoga.com\/wordpress\/index.php?rest_route=\/wp\/v2\/pages\/533","targetHints":{"allow":["GET"]}}],"collection":[{"href":"https:\/\/covayoga.com\/wordpress\/index.php?rest_route=\/wp\/v2\/pages"}],"about":[{"href":"https:\/\/covayoga.com\/wordpress\/index.php?rest_route=\/wp\/v2\/types\/page"}],"author":[{"embeddable":true,"href":"https:\/\/covayoga.com\/wordpress\/index.php?rest_route=\/wp\/v2\/users\/1"}],"replies":[{"embeddable":true,"href":"https:\/\/covayoga.com\/wordpress\/index.php?rest_route=%2Fwp%2Fv2%2Fcomments&post=533"}],"version-history":[{"count":17,"href":"https:\/\/covayoga.com\/wordpress\/index.php?rest_route=\/wp\/v2\/pages\/533\/revisions"}],"predecessor-version":[{"id":561,"href":"https:\/\/covayoga.com\/wordpress\/index.php?rest_route=\/wp\/v2\/pages\/533\/revisions\/561"}],"up":[{"embeddable":true,"href":"https:\/\/covayoga.com\/wordpress\/index.php?rest_route=\/wp\/v2\/pages\/222"}],"wp:featuredmedia":[{"embeddable":true,"href":"https:\/\/covayoga.com\/wordpress\/index.php?rest_route=\/wp\/v2\/media\/194"}],"wp:attachment":[{"href":"https:\/\/covayoga.com\/wordpress\/index.php?rest_route=%2Fwp%2Fv2%2Fmedia&parent=533"}],"curies":[{"name":"wp","href":"https:\/\/api.w.org\/{rel}","templated":true}]}}